{"id":1162,"date":"2017-10-31T13:00:20","date_gmt":"2017-10-31T12:00:20","guid":{"rendered":"http:\/\/rigansports.com\/asientos\/"},"modified":"2017-11-07T00:25:33","modified_gmt":"2017-11-06T23:25:33","slug":"asientos","status":"publish","type":"page","link":"https:\/\/rigansports.com\/fr\/asientos\/","title":{"rendered":"Asientos"},"content":{"rendered":"<p>[et_pb_section fb_built=&#8221;1&#8243; fullwidth=&#8221;on&#8221; _builder_version=&#8221;3.0.47&#8243;][et_pb_fullwidth_image src=&#8221;http:\/\/rigansports.com\/wp-content\/uploads\/2017\/11\/tit_asientos_fr-1.jpg&#8221; _builder_version=&#8221;3.0.84&#8243; background_size=&#8221;initial&#8221; background_position=&#8221;top_left&#8221; background_repeat=&#8221;repeat&#8221; animation_style=&#8221;slide&#8221; animation_direction=&#8221;left&#8221; animation_duration=&#8221;500ms&#8221; animation_intensity_slide=&#8221;10%&#8221;][\/et_pb_fullwidth_image][\/et_pb_section][et_pb_section fb_built=&#8221;1&#8243; admin_label=&#8221;section&#8221; _builder_version=&#8221;3.0.47&#8243; custom_padding=&#8221;0px|0px|27px|0px&#8221;][et_pb_row custom_padding=&#8221;39px|0px|0px|0px&#8221; admin_label=&#8221;row&#8221; module_id=&#8221;inicioasientos&#8221; _builder_version=&#8221;3.0.84&#8243; background_size=&#8221;initial&#8221; background_position=&#8221;top_left&#8221; background_repeat=&#8221;repeat&#8221;][et_pb_column type=&#8221;1_3&#8243; _builder_version=&#8221;3.0.47&#8243; parallax=&#8221;off&#8221; parallax_method=&#8221;on&#8221;][et_pb_text _builder_version=&#8221;3.0.84&#8243;]<\/p>\n<h4 style=\"text-align: center;\"><a href=\"\/fr\/asientos\/#pvc\">SI\u00c8GES EN PVC<\/a><\/h4>\n<p>[\/et_pb_text][et_pb_sidebar area=&#8221;et_pb_widget_area_6&#8243; show_border=&#8221;off&#8221; _builder_version=&#8221;3.0.84&#8243; body_font_size=&#8221;20&#8243; text_orientation=&#8221;center&#8221;][\/et_pb_sidebar][\/et_pb_column][et_pb_column type=&#8221;1_3&#8243; _builder_version=&#8221;3.0.47&#8243; parallax=&#8221;off&#8221; parallax_method=&#8221;on&#8221;][et_pb_image src=&#8221;http:\/\/rigansports.com\/wp-content\/uploads\/2017\/10\/favicon_Rigan_Sports.png&#8221; align=&#8221;center&#8221; _builder_version=&#8221;3.0.84&#8243; max_width=&#8221;30%&#8221; saved_tabs=&#8221;all&#8221;][\/et_pb_image][\/et_pb_column][et_pb_column type=&#8221;1_3&#8243; _builder_version=&#8221;3.0.47&#8243; parallax=&#8221;off&#8221; parallax_method=&#8221;on&#8221;][et_pb_text _builder_version=&#8221;3.0.84&#8243;]<\/p>\n<h4 style=\"text-align: center;\"><a href=\"\/fr\/asientos\/#fibra\">SI\u00c8GES EN FIBRE DE VERRE<\/a><\/h4>\n<p>[\/et_pb_text][\/et_pb_column][\/et_pb_row][et_pb_row _builder_version=&#8221;3.0.47&#8243; background_size=&#8221;initial&#8221; background_position=&#8221;top_left&#8221; background_repeat=&#8221;repeat&#8221;][et_pb_column type=&#8221;4_4&#8243; _builder_version=&#8221;3.0.47&#8243; parallax=&#8221;off&#8221; parallax_method=&#8221;on&#8221;][et_pb_divider color=&#8221;#e02b20&#8243; show_divider=&#8221;on&#8221; divider_weight=&#8221;1px&#8221; height=&#8221;1px&#8221; _builder_version=&#8221;3.0.84&#8243; background_color=&#8221;#e02b20&#8243;][\/et_pb_divider][et_pb_text module_id=&#8221;pvc&#8221; _builder_version=&#8221;3.0.84&#8243;]<\/p>\n<h2>SI\u00c8GES EN PVC<\/h2>\n<p>[\/et_pb_text][\/et_pb_column][\/et_pb_row][et_pb_row custom_padding=&#8221;0px|0px|13px|0px&#8221; module_id=&#8221;fenolico&#8221; _builder_version=&#8221;3.0.84&#8243; background_size=&#8221;initial&#8221; background_position=&#8221;top_left&#8221; background_repeat=&#8221;repeat&#8221;][et_pb_column type=&#8221;4_4&#8243; _builder_version=&#8221;3.0.47&#8243; parallax=&#8221;off&#8221; parallax_method=&#8221;on&#8221;][et_pb_text _builder_version=&#8221;3.0.84&#8243;]<\/p>\n<p>Les si\u00e8ges en PVC que nous offrons \u00e0 nos clients sont con\u00e7us pour les installations sportives et de loisirs, fabriqu\u00e9s en copolym\u00e8re masterbatch Polypropyl\u00e8ne color\u00e9 avec traitement anti UV (M4) et ignifuge (M2).<\/p>\n<p>Ce sont des si\u00e8ges ergonomiques con\u00e7us pour \u00eatre install\u00e9s sur un b\u00e9ton arm\u00e9 ou autre surface. Fix\u00e9 par des points de fixation optimum et prot\u00e9g\u00e9 par des capuchons anti-vandalisme. Ils sont \u00e9quip\u00e9s d\u2019un trou pour le drainage de l\u2019eau.<\/p>\n<p>Fabriqu\u00e9s selon les <strong>Normes Europ\u00e9ennes<\/strong> et conforme aux normes de la <strong>FIFA et de l\u2019UEFA<\/strong>.<\/p>\n<p>[\/et_pb_text][et_pb_text module_id=&#8221;look&#8221; _builder_version=&#8221;3.0.84&#8243;]<\/p>\n<h3>LOOK <span style=\"color: #808080;\">est un si\u00e8ge <strong>ergonomique sans dossier<\/strong><\/span><\/h3>\n<p>[\/et_pb_text][et_pb_image src=&#8221;http:\/\/rigansports.com\/wp-content\/uploads\/2017\/10\/asientos_Look.png&#8221; _builder_version=&#8221;3.0.84&#8243;][\/et_pb_image][et_pb_button button_url=&#8221;\/fr\/asientos\/#inicioasientos&#8221; button_text=&#8221;DESSUS&#8221; button_alignment=&#8221;center&#8221; _builder_version=&#8221;3.0.84&#8243; custom_button=&#8221;on&#8221; button_text_size=&#8221;15&#8243; button_icon=&#8221;%%25%%&#8221;][\/et_pb_button][et_pb_text module_id=&#8221;compact&#8221; _builder_version=&#8221;3.0.84&#8243;]<\/p>\n<h3>COMPACT\u00a0<span style=\"color: #808080;\">est un si\u00e8ge ergonomique, avec dossier bas<\/span><\/h3>\n<p>[\/et_pb_text][et_pb_image src=&#8221;http:\/\/rigansports.com\/wp-content\/uploads\/2017\/10\/2_asientos_Compact.png&#8221; _builder_version=&#8221;3.0.84&#8243;][\/et_pb_image][et_pb_button button_url=&#8221;\/fr\/asientos\/#inicioasientos&#8221; button_text=&#8221;DESSUS&#8221; button_alignment=&#8221;center&#8221; _builder_version=&#8221;3.0.84&#8243; custom_button=&#8221;on&#8221; button_text_size=&#8221;15&#8243; button_icon=&#8221;%%25%%&#8221;][\/et_pb_button][et_pb_text module_id=&#8221;elegance&#8221; _builder_version=&#8221;3.0.84&#8243;]<\/p>\n<h3>ELEGANCE\u00a0<span style=\"color: #808080;\">est un si\u00e8ge ergonomique, avec dossier \u00e9lev\u00e9<\/span><\/h3>\n<p>[\/et_pb_text][et_pb_image src=&#8221;http:\/\/rigansports.com\/wp-content\/uploads\/2017\/10\/3_asientos_Elegance.png&#8221; _builder_version=&#8221;3.0.84&#8243;][\/et_pb_image][et_pb_button button_url=&#8221;\/fr\/asientos\/#inicioasientos&#8221; button_text=&#8221;DESSUS&#8221; button_alignment=&#8221;center&#8221; _builder_version=&#8221;3.0.84&#8243; custom_button=&#8221;on&#8221; button_text_size=&#8221;15&#8243; button_icon=&#8221;%%25%%&#8221;][\/et_pb_button][et_pb_text module_id=&#8221;dynamic&#8221; _builder_version=&#8221;3.0.84&#8243;]<\/p>\n<h3>DYNAMIC\u00a0<span style=\"color: #808080;\">est un si\u00e8ge rabattable et ergonomique<\/span><\/h3>\n<p>pour un maximum de confort des spectateurs d\u2019\u00e9v\u00e9nements sportifs.<br \/>\nIl est produit en thermoplastique, moulage par injection.<br \/>\nIl peut \u00eatre produit avec un support riser ou un support au sol.<\/p>\n<p>[\/et_pb_text][et_pb_image src=&#8221;http:\/\/rigansports.com\/wp-content\/uploads\/2017\/10\/4_asientos_Dynamic.png&#8221; _builder_version=&#8221;3.0.84&#8243;][\/et_pb_image][et_pb_button button_url=&#8221;\/fr\/asientos\/#inicioasientos&#8221; button_text=&#8221;DESSUS&#8221; button_alignment=&#8221;center&#8221; _builder_version=&#8221;3.0.84&#8243; custom_button=&#8221;on&#8221; button_text_size=&#8221;15&#8243; button_icon=&#8221;%%25%%&#8221;][\/et_pb_button][\/et_pb_column][\/et_pb_row][et_pb_row _builder_version=&#8221;3.0.47&#8243; background_size=&#8221;initial&#8221; background_position=&#8221;top_left&#8221; background_repeat=&#8221;repeat&#8221;][et_pb_column type=&#8221;4_4&#8243; _builder_version=&#8221;3.0.47&#8243; parallax=&#8221;off&#8221; parallax_method=&#8221;on&#8221;][et_pb_divider color=&#8221;#e02b20&#8243; show_divider=&#8221;on&#8221; height=&#8221;1px&#8221; _builder_version=&#8221;3.0.84&#8243; background_color=&#8221;#e02b20&#8243;][\/et_pb_divider][et_pb_text module_id=&#8221;fibra&#8221; _builder_version=&#8221;3.0.84&#8243;]<\/p>\n<h2>SI\u00c8GES EN FIBRE DE VERRE:<\/h2>\n<p>[\/et_pb_text][\/et_pb_column][\/et_pb_row][et_pb_row custom_padding=&#8221;0px|0px|13px|0px&#8221; module_id=&#8221;fenolico&#8221; _builder_version=&#8221;3.0.84&#8243; background_size=&#8221;initial&#8221; background_position=&#8221;top_left&#8221; background_repeat=&#8221;repeat&#8221;][et_pb_column type=&#8221;4_4&#8243; _builder_version=&#8221;3.0.47&#8243; parallax=&#8221;off&#8221; parallax_method=&#8221;on&#8221;][et_pb_text _builder_version=&#8221;3.0.84&#8243;]<\/p>\n<p>Les si\u00e8ges en fibre de verre que nous offrons \u00e0 nos clients sont con\u00e7us pour les installations sportives et de loisirs, en polyester renforc\u00e9 de fibre de verre.<\/p>\n<p>Ils ont une forte r\u00e9sistance \u00e0 l\u2019impact; Conditions climatiques de toutes sortes, avec protection UV, tr\u00e8s l\u00e9g\u00e8re, et peuvent \u00eatre r\u00e9alis\u00e9s dans n\u2019importe quelle couleur RAL.<\/p>\n<p>Ils sont con\u00e7us pour \u00eatre install\u00e9s sur du b\u00e9ton arm\u00e9 ou d\u2019autres surfaces.<\/p>\n<p>Ils sont fabriqu\u00e9s selon les normes europ\u00e9ennes selon les normes EN ISO 9001: 2008 \u2013 fabrication de r\u00e9sine polyester renforc\u00e9e de fibre de verre et conformes aux normes de la FIFA et de l\u2019UEFA.<\/p>\n<p>Les mod\u00e8les que nous proposons sont:<\/p>\n<p>[\/et_pb_text][et_pb_text _builder_version=&#8221;3.0.84&#8243;]<\/p>\n<h3><span style=\"color: #808080;\">Si\u00e8ge sans dossier avec les mesures suivantes:<\/span><\/h3>\n<p>[\/et_pb_text][et_pb_image src=&#8221;http:\/\/rigansports.com\/wp-content\/uploads\/2017\/11\/asientos_tabla_fr.svg&#8221; _builder_version=&#8221;3.0.84&#8243;][\/et_pb_image][et_pb_button button_url=&#8221;\/fr\/asientos\/#inicioasientos&#8221; button_text=&#8221;DESSUS&#8221; button_alignment=&#8221;center&#8221; _builder_version=&#8221;3.0.84&#8243; custom_button=&#8221;on&#8221; button_text_size=&#8221;15&#8243; button_icon=&#8221;%%25%%&#8221;][\/et_pb_button][\/et_pb_column][\/et_pb_row][et_pb_row _builder_version=&#8221;3.0.47&#8243; background_size=&#8221;initial&#8221; background_position=&#8221;top_left&#8221; background_repeat=&#8221;repeat&#8221;][et_pb_column type=&#8221;4_4&#8243; _builder_version=&#8221;3.0.47&#8243; parallax=&#8221;off&#8221; parallax_method=&#8221;on&#8221;][et_pb_divider color=&#8221;#e02b20&#8243; show_divider=&#8221;on&#8221; height=&#8221;1px&#8221; _builder_version=&#8221;3.0.84&#8243; background_color=&#8221;#e02b20&#8243;][\/et_pb_divider][\/et_pb_column][\/et_pb_row][\/et_pb_section]<\/p>\n","protected":false},"excerpt":{"rendered":"<p>[et_pb_section fb_built=&#8221;1&#8243; fullwidth=&#8221;on&#8221; _builder_version=&#8221;3.0.47&#8243;][et_pb_fullwidth_image src=&#8221;http:\/\/rigansports.com\/wp-content\/uploads\/2017\/11\/tit_asientos_fr-1.jpg&#8221; _builder_version=&#8221;3.0.84&#8243; background_size=&#8221;initial&#8221; background_position=&#8221;top_left&#8221; background_repeat=&#8221;repeat&#8221; animation_style=&#8221;slide&#8221; animation_direction=&#8221;left&#8221; animation_duration=&#8221;500ms&#8221; animation_intensity_slide=&#8221;10%&#8221;][\/et_pb_fullwidth_image][\/et_pb_section][et_pb_section fb_built=&#8221;1&#8243; admin_label=&#8221;section&#8221; _builder_version=&#8221;3.0.47&#8243; custom_padding=&#8221;0px|0px|27px|0px&#8221;][et_pb_row custom_padding=&#8221;39px|0px|0px|0px&#8221; admin_label=&#8221;row&#8221; module_id=&#8221;inicioasientos&#8221; _builder_version=&#8221;3.0.84&#8243; background_size=&#8221;initial&#8221; background_position=&#8221;top_left&#8221; background_repeat=&#8221;repeat&#8221;][et_pb_column type=&#8221;1_3&#8243; _builder_version=&#8221;3.0.47&#8243; parallax=&#8221;off&#8221; parallax_method=&#8221;on&#8221;][et_pb_text _builder_version=&#8221;3.0.84&#8243;] SI\u00c8GES EN PVC [\/et_pb_text][et_pb_sidebar area=&#8221;et_pb_widget_area_6&#8243; show_border=&#8221;off&#8221; _builder_version=&#8221;3.0.84&#8243; body_font_size=&#8221;20&#8243; text_orientation=&#8221;center&#8221;][\/et_pb_sidebar][\/et_pb_column][et_pb_column type=&#8221;1_3&#8243; _builder_version=&#8221;3.0.47&#8243; parallax=&#8221;off&#8221; parallax_method=&#8221;on&#8221;][et_pb_image src=&#8221;http:\/\/rigansports.com\/wp-content\/uploads\/2017\/10\/favicon_Rigan_Sports.png&#8221; align=&#8221;center&#8221; _builder_version=&#8221;3.0.84&#8243; max_width=&#8221;30%&#8221; saved_tabs=&#8221;all&#8221;][\/et_pb_image][\/et_pb_column][et_pb_column type=&#8221;1_3&#8243; _builder_version=&#8221;3.0.47&#8243; parallax=&#8221;off&#8221; parallax_method=&#8221;on&#8221;][et_pb_text _builder_version=&#8221;3.0.84&#8243;] SI\u00c8GES EN FIBRE [&hellip;]<\/p>\n","protected":false},"author":1,"featured_media":0,"parent":0,"menu_order":0,"comment_status":"closed","ping_status":"closed","template":"","meta":{"_et_pb_use_builder":"on","_et_pb_old_content":"","_et_gb_content_width":"","inline_featured_image":false},"_links":{"self":[{"href":"https:\/\/rigansports.com\/fr\/wp-json\/wp\/v2\/pages\/1162"}],"collection":[{"href":"https:\/\/rigansports.com\/fr\/wp-json\/wp\/v2\/pages"}],"about":[{"href":"https:\/\/rigansports.com\/fr\/wp-json\/wp\/v2\/types\/page"}],"author":[{"embeddable":true,"href":"https:\/\/rigansports.com\/fr\/wp-json\/wp\/v2\/users\/1"}],"replies":[{"embeddable":true,"href":"https:\/\/rigansports.com\/fr\/wp-json\/wp\/v2\/comments?post=1162"}],"version-history":[{"count":9,"href":"https:\/\/rigansports.com\/fr\/wp-json\/wp\/v2\/pages\/1162\/revisions"}],"predecessor-version":[{"id":1428,"href":"https:\/\/rigansports.com\/fr\/wp-json\/wp\/v2\/pages\/1162\/revisions\/1428"}],"wp:attachment":[{"href":"https:\/\/rigansports.com\/fr\/wp-json\/wp\/v2\/media?parent=1162"}],"curies":[{"name":"wp","href":"https:\/\/api.w.org\/{rel}","templated":true}]}}