{"id":1440,"date":"2017-11-07T14:58:50","date_gmt":"2017-11-07T13:58:50","guid":{"rendered":"http:\/\/rigansports.com\/?page_id=1440"},"modified":"2023-08-14T08:30:58","modified_gmt":"2023-08-14T06:30:58","slug":"catalogue","status":"publish","type":"page","link":"https:\/\/rigansports.com\/fr\/catalogue\/","title":{"rendered":"Catalogue"},"content":{"rendered":"<p>[et_pb_section fb_built=&#8221;1&#8243; _builder_version=&#8221;3.22&#8243;][et_pb_row disabled_on=&#8221;on|on|on&#8221; _builder_version=&#8221;3.25&#8243; background_size=&#8221;initial&#8221; background_position=&#8221;top_left&#8221; background_repeat=&#8221;repeat&#8221; disabled=&#8221;on&#8221;][et_pb_column type=&#8221;4_4&#8243; _builder_version=&#8221;3.25&#8243; custom_padding=&#8221;|||&#8221; custom_padding__hover=&#8221;|||&#8221;][et_pb_text _builder_version=&#8221;3.27.4&#8243;]<iframe style=\"width:100%; height:700px;\" src=\"\/\/e.issuu.com\/embed.html#31673902\/55070721\" frameborder=\"0\" allowfullscreen=\"\"><\/iframe><br \/>\n[\/et_pb_text][et_pb_text _builder_version=&#8221;3.27.4&#8243;]<\/p>\n<div class=\"_Ejb\">\n<div id=\"tw-target\">\n<div id=\"tw-target-text-container\" class=\"tw-ta-container tw-nfl\" style=\"text-align: center;\">\n<pre id=\"tw-target-text\" class=\"tw-data-text tw-ta tw-text-small\" dir=\"ltr\" data-placeholder=\"Traducci\u00f3n\" data-fulltext=\"\"><span lang=\"en\">Cliquez sur le centre du catalogue pour le voir en plein \u00e9cran.\r\nEn mode plein \u00e9cran, vous avez le choix entre <em>T\u00e9l\u00e9charger<\/em> (en haut \u00e0 gauche) et <em>Partager<\/em> (en haut \u00e0 droite).<\/span><\/pre>\n<\/div>\n<\/div>\n<\/div>\n<p>[\/et_pb_text][\/et_pb_column][\/et_pb_row][et_pb_row column_structure=&#8221;1_2,1_2&#8243; _builder_version=&#8221;4.9.2&#8243; _module_preset=&#8221;default&#8221;][et_pb_column type=&#8221;1_2&#8243; _builder_version=&#8221;4.9.2&#8243; _module_preset=&#8221;default&#8221;][et_pb_text _builder_version=&#8221;4.9.2&#8243; _module_preset=&#8221;default&#8221; text_font=&#8221;||||||||&#8221; text_font_size=&#8221;17px&#8221; text_orientation=&#8221;center&#8221;]<\/p>\n<p>Cliquez pour voir notre catalogue <strong>Phenolic Compact Rigan Sports Brochure<\/strong><\/p>\n<p>[\/et_pb_text][et_pb_image src=&#8221;https:\/\/rigansports.com\/wp-content\/uploads\/2022\/03\/catalogo-1-rigan-sport.png&#8221; title_text=&#8221;catalogo-1-rigan-sport&#8221; url=&#8221;https:\/\/rigansports.com\/wp-content\/uploads\/2022\/Phenolic-Compact-Rigan-Sports-Brochure.pdf&#8221; url_new_window=&#8221;on&#8221; _builder_version=&#8221;4.9.2&#8243; _module_preset=&#8221;default&#8221;][\/et_pb_image][\/et_pb_column][et_pb_column type=&#8221;1_2&#8243; _builder_version=&#8221;4.9.2&#8243; _module_preset=&#8221;default&#8221;][et_pb_text _builder_version=&#8221;4.9.2&#8243; _module_preset=&#8221;default&#8221; text_font=&#8221;||||||||&#8221; text_font_size=&#8221;17px&#8221; text_orientation=&#8221;center&#8221;]<\/p>\n<p>Cliquez pour voir notre catalogue <strong>Brochure Padel Courts Rigan Sports<\/strong><\/p>\n<p>[\/et_pb_text][et_pb_image src=&#8221;https:\/\/rigansports.com\/wp-content\/uploads\/2022\/03\/catalogo-2-rigan-sport.jpg&#8221; title_text=&#8221;catalogo-2-rigan-sport&#8221; url=&#8221;https:\/\/rigansports.com\/wp-content\/uploads\/2023\/Catalogue%20Terrains%20de%20Padel%20Rigan%20Sports.pdf&#8221; url_new_window=&#8221;on&#8221; _builder_version=&#8221;4.9.2&#8243; _module_preset=&#8221;default&#8221;][\/et_pb_image][\/et_pb_column][\/et_pb_row][et_pb_row column_structure=&#8221;1_2,1_2&#8243; _builder_version=&#8221;4.9.2&#8243; _module_preset=&#8221;default&#8221;][et_pb_column type=&#8221;1_2&#8243; _builder_version=&#8221;4.9.2&#8243; _module_preset=&#8221;default&#8221;][et_pb_text _builder_version=&#8221;4.9.2&#8243; _module_preset=&#8221;default&#8221; text_font=&#8221;||||||||&#8221; text_font_size=&#8221;17px&#8221; text_orientation=&#8221;center&#8221; hover_enabled=&#8221;0&#8243; sticky_enabled=&#8221;0&#8243;]<\/p>\n<p>Cliquez pour voir notre catalogue <strong>Couvertures<\/strong><\/p>\n<p>[\/et_pb_text][et_pb_image src=&#8221;https:\/\/rigansports.com\/wp-content\/uploads\/2023\/08\/covers_.jpg&#8221; title_text=&#8221;covers_&#8221; url=&#8221;https:\/\/rigansports.com\/wp-content\/uploads\/2023\/Covers%20-%20Couvertures%20Rigan%20Sports.pdf&#8221; url_new_window=&#8221;on&#8221; _builder_version=&#8221;4.9.2&#8243; _module_preset=&#8221;default&#8221;][\/et_pb_image][\/et_pb_column][et_pb_column type=&#8221;1_2&#8243; _builder_version=&#8221;4.9.2&#8243; _module_preset=&#8221;default&#8221;][\/et_pb_column][\/et_pb_row][\/et_pb_section]<\/p>\n","protected":false},"excerpt":{"rendered":"<p>[et_pb_section fb_built=&#8221;1&#8243; _builder_version=&#8221;3.22&#8243;][et_pb_row disabled_on=&#8221;on|on|on&#8221; _builder_version=&#8221;3.25&#8243; background_size=&#8221;initial&#8221; background_position=&#8221;top_left&#8221; background_repeat=&#8221;repeat&#8221; disabled=&#8221;on&#8221;][et_pb_column type=&#8221;4_4&#8243; _builder_version=&#8221;3.25&#8243; custom_padding=&#8221;|||&#8221; custom_padding__hover=&#8221;|||&#8221;][et_pb_text _builder_version=&#8221;3.27.4&#8243;] [\/et_pb_text][et_pb_text _builder_version=&#8221;3.27.4&#8243;] Cliquez sur le centre du catalogue pour le voir en plein \u00e9cran. En mode plein \u00e9cran, vous avez le choix entre T\u00e9l\u00e9charger (en haut \u00e0 gauche) et Partager (en haut \u00e0 droite). [\/et_pb_text][\/et_pb_column][\/et_pb_row][et_pb_row column_structure=&#8221;1_2,1_2&#8243; _builder_version=&#8221;4.9.2&#8243; _module_preset=&#8221;default&#8221;][et_pb_column type=&#8221;1_2&#8243; _builder_version=&#8221;4.9.2&#8243; _module_preset=&#8221;default&#8221;][et_pb_text [&hellip;]<\/p>\n","protected":false},"author":2,"featured_media":0,"parent":0,"menu_order":0,"comment_status":"closed","ping_status":"closed","template":"","meta":{"_et_pb_use_builder":"on","_et_pb_old_content":"","_et_gb_content_width":"","inline_featured_image":false},"_links":{"self":[{"href":"https:\/\/rigansports.com\/fr\/wp-json\/wp\/v2\/pages\/1440"}],"collection":[{"href":"https:\/\/rigansports.com\/fr\/wp-json\/wp\/v2\/pages"}],"about":[{"href":"https:\/\/rigansports.com\/fr\/wp-json\/wp\/v2\/types\/page"}],"author":[{"embeddable":true,"href":"https:\/\/rigansports.com\/fr\/wp-json\/wp\/v2\/users\/2"}],"replies":[{"embeddable":true,"href":"https:\/\/rigansports.com\/fr\/wp-json\/wp\/v2\/comments?post=1440"}],"version-history":[{"count":11,"href":"https:\/\/rigansports.com\/fr\/wp-json\/wp\/v2\/pages\/1440\/revisions"}],"predecessor-version":[{"id":5294,"href":"https:\/\/rigansports.com\/fr\/wp-json\/wp\/v2\/pages\/1440\/revisions\/5294"}],"wp:attachment":[{"href":"https:\/\/rigansports.com\/fr\/wp-json\/wp\/v2\/media?parent=1440"}],"curies":[{"name":"wp","href":"https:\/\/api.w.org\/{rel}","templated":true}]}}