{"id":1707,"date":"2020-02-12T20:36:20","date_gmt":"2020-02-12T19:36:20","guid":{"rendered":"http:\/\/rigansports.com\/taquillas\/"},"modified":"2020-02-23T18:12:17","modified_gmt":"2020-02-23T17:12:17","slug":"taquillas","status":"publish","type":"page","link":"https:\/\/rigansports.com\/fr\/taquillas\/","title":{"rendered":"Taquillas"},"content":{"rendered":"<p>[et_pb_section bb_built=&#8221;1&#8243; fullwidth=&#8221;on&#8221; _builder_version=&#8221;3.0.47&#8243;][et_pb_fullwidth_image src=&#8221;http:\/\/rigansports.com\/wp-content\/uploads\/2020\/02\/tit_bancos_y_taquillas_fr.jpg&#8221; _builder_version=&#8221;3.0.84&#8243; animation_style=&#8221;slide&#8221; animation_direction=&#8221;left&#8221; animation_duration=&#8221;500ms&#8221; animation_intensity_slide=&#8221;10%&#8221; show_in_lightbox=&#8221;off&#8221; url_new_window=&#8221;off&#8221; use_overlay=&#8221;off&#8221; module_class=&#8221;iniciotaquillas&#8221; module_id=&#8221;iniciotaquillas&#8221; \/][\/et_pb_section][et_pb_section bb_built=&#8221;1&#8243; admin_label=&#8221;section&#8221; _builder_version=&#8221;3.0.47&#8243; custom_padding=&#8221;0px|0px|27px|0px&#8221;][et_pb_row admin_label=&#8221;row&#8221; custom_padding=&#8221;39px|0px|0px|0px&#8221; module_id=&#8221;inicioredes&#8221; _builder_version=&#8221;3.0.84&#8243; background_size=&#8221;initial&#8221; background_position=&#8221;top_left&#8221; background_repeat=&#8221;repeat&#8221;][et_pb_column type=&#8221;1_3&#8243;][\/et_pb_column][et_pb_column type=&#8221;1_3&#8243;][et_pb_image src=&#8221;http:\/\/rigansports.com\/wp-content\/uploads\/2017\/10\/favicon_Rigan_Sports.png&#8221; align=&#8221;center&#8221; _builder_version=&#8221;3.0.84&#8243; max_width=&#8221;30%&#8221; \/][et_pb_sidebar area=&#8221;et_pb_widget_area_8&#8243; _builder_version=&#8221;3.0.84&#8243; text_orientation=&#8221;center&#8221; orientation=&#8221;left&#8221; show_border=&#8221;on&#8221; background_layout=&#8221;light&#8221; \/][\/et_pb_column][et_pb_column type=&#8221;1_3&#8243;][\/et_pb_column][\/et_pb_row][et_pb_row module_id=&#8221;tenis&#8221; _builder_version=&#8221;3.0.84&#8243; background_size=&#8221;initial&#8221; background_position=&#8221;top_left&#8221; background_repeat=&#8221;repeat&#8221;][et_pb_column type=&#8221;4_4&#8243;][et_pb_divider color=&#8221;#e02b20&#8243; show_divider=&#8221;on&#8221; height=&#8221;1px&#8221; _builder_version=&#8221;3.0.84&#8243; background_color=&#8221;#e02b20&#8243; \/][et_pb_text _builder_version=&#8221;3.0.84&#8243; background_layout=&#8221;light&#8221; module_id=&#8221;sobrelosmateriales&#8221; module_class=&#8221;sobrelosmateriales&#8221;]<\/p>\n<h2>CASIERS ET BANCS DE COMPACT PH\u00c9NOLIQUE<\/h2>\n<p>[\/et_pb_text][\/et_pb_column][\/et_pb_row][et_pb_row custom_padding=&#8221;5px|0px|13px|0px&#8221; module_id=&#8221;fenolico&#8221; _builder_version=&#8221;3.0.84&#8243; background_size=&#8221;initial&#8221; background_position=&#8221;top_left&#8221; background_repeat=&#8221;repeat&#8221;][et_pb_column type=&#8221;1_3&#8243;][\/et_pb_column][et_pb_column type=&#8221;2_3&#8243;][et_pb_text _builder_version=&#8221;3.0.84&#8243; background_layout=&#8221;light&#8221;]<\/p>\n<p><b>Avantages du Compact Ph\u00e9nolique :<\/b><\/p>\n<ul>\n<li>Haute r\u00e9sistance \u00e0 l\u2019usure et aux impacts.<\/li>\n<li>Id\u00e9al pour les environnements humides. Inalt\u00e9rable \u00e0 l\u2019humidit\u00e9.<\/li>\n<li>Antibact\u00e9rien.<\/li>\n<li>Surface non poreuse, repousse la salet\u00e9. Tr\u00e8s r\u00e9sistant aux produits de nettoyage et \u00e0 la d\u00e9sinfection.<\/li>\n<li>Large gamme de couleurs et de textures.<\/li>\n<\/ul>\n<p>[\/et_pb_text][\/et_pb_column][\/et_pb_row][et_pb_row module_id=&#8221;volleyball&#8221; _builder_version=&#8221;3.0.84&#8243; background_size=&#8221;initial&#8221; background_position=&#8221;top_left&#8221; background_repeat=&#8221;repeat&#8221;][et_pb_column type=&#8221;4_4&#8243;][et_pb_divider color=&#8221;#e02b20&#8243; show_divider=&#8221;on&#8221; height=&#8221;1px&#8221; _builder_version=&#8221;3.0.84&#8243; background_color=&#8221;#e02b20&#8243; \/][et_pb_text _builder_version=&#8221;3.0.84&#8243; text_orientation=&#8221;right&#8221; module_alignment=&#8221;right&#8221; background_layout=&#8221;light&#8221; module_class=&#8221;taquillas&#8221; module_id=&#8221;taquillas&#8221;]<\/p>\n<h2>Nos CASIERS VESTIAIRES<\/h2>\n<p>[\/et_pb_text][\/et_pb_column][\/et_pb_row][et_pb_row custom_padding=&#8221;0px|0px|13px|0px&#8221; module_id=&#8221;hierro&#8221; _builder_version=&#8221;3.0.84&#8243; background_size=&#8221;initial&#8221; background_position=&#8221;top_left&#8221; background_repeat=&#8221;repeat&#8221;][et_pb_column type=&#8221;2_3&#8243;][et_pb_text _builder_version=&#8221;3.0.84&#8243; background_layout=&#8221;light&#8221;]<\/p>\n<p><b>Caract\u00e9ristiques :<\/b><\/p>\n<ul>\n<li>Syst\u00e9me modulaire.<\/li>\n<li>\u00c9paisseur des panneaux de ph\u00e9nolique:<\/li>\n<ul>\n<li>Portes &#8211; 10mm.<\/li>\n<li>\u00c9tag\u00e8res, plafonds et bases &#8211; 8mm.<\/li>\n<li>C\u00f4t\u00e9s et dos &#8211; 3mm.<\/li>\n<\/ul>\n<li>Arri\u00e8re avec option de panneau perfor\u00e9 pour une plus grande ventilation.<\/li>\n<li>Profils verticaux en aluminium anodis\u00e9 argent mat.<\/li>\n<li>Charni\u00e8res et vis en acier inoxydable.<\/li>\n<\/ul>\n<p>[\/et_pb_text][\/et_pb_column][et_pb_column type=&#8221;1_3&#8243;][et_pb_gallery gallery_ids=&#8221;1625,1626,1627,1628,1629,1630,1631,1632,1633,1634,1635,1636,1637,1638,1639,1640,1641,1642,1643,1644,1645,1646,1647,1648,1649,1650,1651&#8243; fullwidth=&#8221;on&#8221; db_image_max_width_tablet=&#8221;51&#8243; db_image_max_height_tablet=&#8221;501&#8243; db_image_row_spacing_tablet=&#8221;51&#8243; db_image_center_titles=&#8221;left&#8221; db_image_object_fit=&#8221;contain&#8221; _builder_version=&#8221;3.0.84&#8243; pagination_font_size_tablet=&#8221;51&#8243; pagination_line_height_tablet=&#8221;2&#8243; animation_style=&#8221;slide&#8221; animation_delay=&#8221;1000ms&#8221; auto=&#8221;on&#8221; auto_speed=&#8221;3000&#8243; global_module=&#8221;734&#8243; saved_tabs=&#8221;all&#8221; show_title_and_caption=&#8221;on&#8221; show_pagination=&#8221;on&#8221; orientation=&#8221;landscape&#8221; zoom_icon_color=&#8221;#c31319&#8243; hover_overlay_color=&#8221;rgba(255,255,255,0.9)&#8221; background_layout=&#8221;light&#8221; \/][et_pb_button button_url=&#8221;\/taquillas\/#iniciotaquillas&#8221; button_text=&#8221;DESSUS&#8221; button_alignment=&#8221;center&#8221; _builder_version=&#8221;3.0.84&#8243; custom_button=&#8221;on&#8221; button_text_size=&#8221;15&#8243; button_icon=&#8221;%%25%%&#8221; url_new_window=&#8221;off&#8221; background_layout=&#8221;light&#8221; button_icon_placement=&#8221;right&#8221; \/][\/et_pb_column][\/et_pb_row][et_pb_row _builder_version=&#8221;3.0.47&#8243; background_size=&#8221;initial&#8221; background_position=&#8221;top_left&#8221; background_repeat=&#8221;repeat&#8221;][et_pb_column type=&#8221;4_4&#8243;][et_pb_divider color=&#8221;#e02b20&#8243; show_divider=&#8221;on&#8221; height=&#8221;1px&#8221; _builder_version=&#8221;3.0.84&#8243; background_color=&#8221;#e02b20&#8243; \/][et_pb_text _builder_version=&#8221;3.0.84&#8243; background_layout=&#8221;light&#8221; module_class=&#8221;cerraduras&#8221; module_id=&#8221;cerraduras&#8221;]<\/p>\n<h2>SERRURES pour nos Casiers Vestiaires<\/h2>\n<p>[\/et_pb_text][\/et_pb_column][\/et_pb_row][et_pb_row custom_padding=&#8221;0px|0px|13px|0px&#8221; module_id=&#8221;baloncesto&#8221; _builder_version=&#8221;3.0.84&#8243; background_size=&#8221;initial&#8221; background_position=&#8221;top_left&#8221; background_repeat=&#8221;repeat&#8221;][et_pb_column type=&#8221;1_3&#8243;][et_pb_gallery gallery_ids=&#8221;1665,1664,1663,1662,1661,1660,1659,1658,1657,1656,1655,1654,1653&#8243; fullwidth=&#8221;on&#8221; db_image_max_width_tablet=&#8221;51&#8243; db_image_max_height_tablet=&#8221;501&#8243; db_image_row_spacing_tablet=&#8221;51&#8243; db_image_center_titles=&#8221;left&#8221; db_image_object_fit=&#8221;contain&#8221; _builder_version=&#8221;3.0.84&#8243; pagination_font_size_tablet=&#8221;51&#8243; pagination_line_height_tablet=&#8221;2&#8243; animation_style=&#8221;slide&#8221; animation_delay=&#8221;1000ms&#8221; auto=&#8221;on&#8221; auto_speed=&#8221;3000&#8243; global_module=&#8221;734&#8243; saved_tabs=&#8221;all&#8221; show_title_and_caption=&#8221;on&#8221; show_pagination=&#8221;on&#8221; orientation=&#8221;landscape&#8221; zoom_icon_color=&#8221;#c31319&#8243; hover_overlay_color=&#8221;rgba(255,255,255,0.9)&#8221; background_layout=&#8221;light&#8221; \/][et_pb_button button_url=&#8221;\/taquillas\/#iniciotaquillas&#8221; button_text=&#8221;DESSUS&#8221; button_alignment=&#8221;center&#8221; _builder_version=&#8221;3.0.84&#8243; custom_button=&#8221;on&#8221; button_text_size=&#8221;15&#8243; button_icon=&#8221;%%25%%&#8221; url_new_window=&#8221;off&#8221; background_layout=&#8221;light&#8221; button_icon_placement=&#8221;right&#8221; \/][\/et_pb_column][et_pb_column type=&#8221;2_3&#8243;][et_pb_text _builder_version=&#8221;3.0.84&#8243; background_layout=&#8221;light&#8221;]<\/p>\n<p>Nous proposons diff\u00e9rents types de <b>Serrures Standard<\/b>, \u00e0 cl\u00e9s, pour cadenas, \u00e0 pi\u00e8ce , \u00e0 code, \u00e9lectronique, m\u00eame les <b>Serrures Premium<\/b> les plus complexes et modernes.<\/p>\n<p>[\/et_pb_text][\/et_pb_column][\/et_pb_row][et_pb_row module_id=&#8221;balonmano&#8221; _builder_version=&#8221;3.0.84&#8243;][et_pb_column type=&#8221;4_4&#8243;][et_pb_divider color=&#8221;#e02b20&#8243; show_divider=&#8221;on&#8221; height=&#8221;1px&#8221; _builder_version=&#8221;3.0.84&#8243; background_color=&#8221;#e02b20&#8243; \/][et_pb_text _builder_version=&#8221;3.0.84&#8243; background_layout=&#8221;light&#8221; module_id=&#8221;bancos&#8221; module_class=&#8221;bancos&#8221;]<\/p>\n<h2 style=\"text-align: right;\">Nos BANCS<\/h2>\n<p>[\/et_pb_text][\/et_pb_column][\/et_pb_row][et_pb_row custom_padding=&#8221;0px|0px|13px|0px&#8221; module_id=&#8221;hierro&#8221; _builder_version=&#8221;3.0.84&#8243; background_size=&#8221;initial&#8221; background_position=&#8221;top_left&#8221; background_repeat=&#8221;repeat&#8221;][et_pb_column type=&#8221;2_3&#8243;][et_pb_text _builder_version=&#8221;3.0.84&#8243; background_layout=&#8221;light&#8221;]<\/p>\n<p><b>Caract\u00e9ristiques :<\/b><\/p>\n<ul>\n<li>Structure de tube en acier inoxydable AISI304 30x30x1,5mm.<\/li>\n<li>Option de structure de tube de fer de 30x30x1.5mm peint en peinture \u00e9poxy gris clair.<\/li>\n<li>Si\u00e8ge fabriqu\u00e9 avec des panneaux de ph\u00e9nolique de 12 mm d\u2019\u00e9paisseur.<\/li>\n<li>Longueurs standard disponibles : 1000\/1500\/2000mm.<span class=\"Apple-converted-space\">\u00a0<\/span><\/li>\n<\/ul>\n<p>[\/et_pb_text][\/et_pb_column][et_pb_column type=&#8221;1_3&#8243;][et_pb_gallery gallery_ids=&#8221;1680,1679,1678,1677,1676,1675,1674,1673,1672,1671,1670,1669,1668,1667&#8243; fullwidth=&#8221;on&#8221; db_image_max_width_tablet=&#8221;51&#8243; db_image_max_height_tablet=&#8221;501&#8243; db_image_row_spacing_tablet=&#8221;51&#8243; db_image_center_titles=&#8221;left&#8221; db_image_object_fit=&#8221;contain&#8221; _builder_version=&#8221;3.0.84&#8243; pagination_font_size_tablet=&#8221;51&#8243; pagination_line_height_tablet=&#8221;2&#8243; animation_style=&#8221;slide&#8221; animation_delay=&#8221;1000ms&#8221; auto=&#8221;on&#8221; auto_speed=&#8221;3000&#8243; global_module=&#8221;734&#8243; saved_tabs=&#8221;all&#8221; show_title_and_caption=&#8221;on&#8221; show_pagination=&#8221;on&#8221; orientation=&#8221;landscape&#8221; zoom_icon_color=&#8221;#c31319&#8243; hover_overlay_color=&#8221;rgba(255,255,255,0.9)&#8221; background_layout=&#8221;light&#8221; \/][et_pb_button button_url=&#8221;\/taquillas\/#iniciotaquillas&#8221; button_text=&#8221;DESSUS&#8221; button_alignment=&#8221;center&#8221; _builder_version=&#8221;3.0.84&#8243; custom_button=&#8221;on&#8221; button_text_size=&#8221;15&#8243; button_icon=&#8221;%%25%%&#8221; url_new_window=&#8221;off&#8221; background_layout=&#8221;light&#8221; button_icon_placement=&#8221;right&#8221; \/][\/et_pb_column][\/et_pb_row][et_pb_row module_id=&#8221;futbol&#8221; _builder_version=&#8221;3.0.84&#8243;][et_pb_column type=&#8221;4_4&#8243;][et_pb_divider color=&#8221;#e02b20&#8243; show_divider=&#8221;on&#8221; height=&#8221;1px&#8221; _builder_version=&#8221;3.0.84&#8243; background_color=&#8221;#e02b20&#8243; \/][et_pb_text _builder_version=&#8221;3.0.84&#8243; background_layout=&#8221;light&#8221; module_id=&#8221;coloresestandar&#8221; module_class=&#8221;coloresestandar&#8221;]<\/p>\n<h2 style=\"text-align: left;\">Couleurs<\/h2>\n<p>[\/et_pb_text][\/et_pb_column][\/et_pb_row][et_pb_row custom_padding=&#8221;0px|0px|13px|0px&#8221; module_id=&#8221;hierro&#8221; _builder_version=&#8221;3.0.84&#8243; background_size=&#8221;initial&#8221; background_position=&#8221;top_left&#8221; background_repeat=&#8221;repeat&#8221;][et_pb_column type=&#8221;1_3&#8243;][et_pb_gallery gallery_ids=&#8221;1757,1758,1764,1765,1767&#8243; fullwidth=&#8221;on&#8221; db_image_max_width_tablet=&#8221;51&#8243; db_image_max_height_tablet=&#8221;501&#8243; db_image_row_spacing_tablet=&#8221;51&#8243; db_image_center_titles=&#8221;left&#8221; db_image_object_fit=&#8221;contain&#8221; _builder_version=&#8221;3.0.84&#8243; pagination_font_size_tablet=&#8221;51&#8243; pagination_line_height_tablet=&#8221;2&#8243; animation_style=&#8221;slide&#8221; animation_delay=&#8221;1000ms&#8221; auto=&#8221;on&#8221; auto_speed=&#8221;3000&#8243; show_title_and_caption=&#8221;on&#8221; show_pagination=&#8221;on&#8221; orientation=&#8221;landscape&#8221; zoom_icon_color=&#8221;#c31319&#8243; hover_overlay_color=&#8221;rgba(255,255,255,0.9)&#8221; background_layout=&#8221;light&#8221; \/][\/et_pb_column][et_pb_column type=&#8221;1_3&#8243;][\/et_pb_column][et_pb_column type=&#8221;1_3&#8243;][et_pb_gallery gallery_ids=&#8221;1768,1766,1763,1762,1761,1760,1759,1756,1755&#8243; fullwidth=&#8221;on&#8221; db_image_max_width_tablet=&#8221;51&#8243; db_image_max_height_tablet=&#8221;501&#8243; db_image_row_spacing_tablet=&#8221;51&#8243; db_image_center_titles=&#8221;left&#8221; db_image_object_fit=&#8221;contain&#8221; _builder_version=&#8221;3.0.84&#8243; pagination_font_size_tablet=&#8221;51&#8243; pagination_line_height_tablet=&#8221;2&#8243; animation_style=&#8221;slide&#8221; animation_delay=&#8221;1000ms&#8221; auto=&#8221;on&#8221; auto_speed=&#8221;3000&#8243; show_title_and_caption=&#8221;on&#8221; show_pagination=&#8221;on&#8221; orientation=&#8221;landscape&#8221; zoom_icon_color=&#8221;#c31319&#8243; hover_overlay_color=&#8221;rgba(255,255,255,0.9)&#8221; background_layout=&#8221;light&#8221; \/][et_pb_button button_url=&#8221;\/taquillas\/#iniciotaquillas&#8221; button_text=&#8221;DESSUS&#8221; button_alignment=&#8221;center&#8221; _builder_version=&#8221;3.0.84&#8243; custom_button=&#8221;on&#8221; button_text_size=&#8221;15&#8243; button_icon=&#8221;%%25%%&#8221; url_new_window=&#8221;off&#8221; background_layout=&#8221;light&#8221; button_icon_placement=&#8221;right&#8221; \/][\/et_pb_column][\/et_pb_row][\/et_pb_section]<\/p>\n","protected":false},"excerpt":{"rendered":"<p>[et_pb_section bb_built=&#8221;1&#8243; fullwidth=&#8221;on&#8221; _builder_version=&#8221;3.0.47&#8243;][et_pb_fullwidth_image src=&#8221;http:\/\/rigansports.com\/wp-content\/uploads\/2020\/02\/tit_bancos_y_taquillas_fr.jpg&#8221; _builder_version=&#8221;3.0.84&#8243; animation_style=&#8221;slide&#8221; animation_direction=&#8221;left&#8221; animation_duration=&#8221;500ms&#8221; animation_intensity_slide=&#8221;10%&#8221; show_in_lightbox=&#8221;off&#8221; url_new_window=&#8221;off&#8221; use_overlay=&#8221;off&#8221; module_class=&#8221;iniciotaquillas&#8221; module_id=&#8221;iniciotaquillas&#8221; \/][\/et_pb_section][et_pb_section bb_built=&#8221;1&#8243; admin_label=&#8221;section&#8221; _builder_version=&#8221;3.0.47&#8243; custom_padding=&#8221;0px|0px|27px|0px&#8221;][et_pb_row admin_label=&#8221;row&#8221; custom_padding=&#8221;39px|0px|0px|0px&#8221; module_id=&#8221;inicioredes&#8221; _builder_version=&#8221;3.0.84&#8243; background_size=&#8221;initial&#8221; background_position=&#8221;top_left&#8221; background_repeat=&#8221;repeat&#8221;][et_pb_column type=&#8221;1_3&#8243;][\/et_pb_column][et_pb_column type=&#8221;1_3&#8243;][et_pb_image src=&#8221;http:\/\/rigansports.com\/wp-content\/uploads\/2017\/10\/favicon_Rigan_Sports.png&#8221; align=&#8221;center&#8221; _builder_version=&#8221;3.0.84&#8243; max_width=&#8221;30%&#8221; \/][et_pb_sidebar area=&#8221;et_pb_widget_area_8&#8243; _builder_version=&#8221;3.0.84&#8243; text_orientation=&#8221;center&#8221; orientation=&#8221;left&#8221; show_border=&#8221;on&#8221; background_layout=&#8221;light&#8221; \/][\/et_pb_column][et_pb_column type=&#8221;1_3&#8243;][\/et_pb_column][\/et_pb_row][et_pb_row module_id=&#8221;tenis&#8221; _builder_version=&#8221;3.0.84&#8243; background_size=&#8221;initial&#8221; background_position=&#8221;top_left&#8221; background_repeat=&#8221;repeat&#8221;][et_pb_column type=&#8221;4_4&#8243;][et_pb_divider color=&#8221;#e02b20&#8243; show_divider=&#8221;on&#8221; height=&#8221;1px&#8221; _builder_version=&#8221;3.0.84&#8243; background_color=&#8221;#e02b20&#8243; \/][et_pb_text _builder_version=&#8221;3.0.84&#8243; [&hellip;]<\/p>\n","protected":false},"author":2,"featured_media":0,"parent":0,"menu_order":0,"comment_status":"closed","ping_status":"closed","template":"","meta":{"_et_pb_use_builder":"on","_et_pb_old_content":"","_et_gb_content_width":"","inline_featured_image":false},"_links":{"self":[{"href":"https:\/\/rigansports.com\/fr\/wp-json\/wp\/v2\/pages\/1707"}],"collection":[{"href":"https:\/\/rigansports.com\/fr\/wp-json\/wp\/v2\/pages"}],"about":[{"href":"https:\/\/rigansports.com\/fr\/wp-json\/wp\/v2\/types\/page"}],"author":[{"embeddable":true,"href":"https:\/\/rigansports.com\/fr\/wp-json\/wp\/v2\/users\/2"}],"replies":[{"embeddable":true,"href":"https:\/\/rigansports.com\/fr\/wp-json\/wp\/v2\/comments?post=1707"}],"version-history":[{"count":4,"href":"https:\/\/rigansports.com\/fr\/wp-json\/wp\/v2\/pages\/1707\/revisions"}],"predecessor-version":[{"id":1785,"href":"https:\/\/rigansports.com\/fr\/wp-json\/wp\/v2\/pages\/1707\/revisions\/1785"}],"wp:attachment":[{"href":"https:\/\/rigansports.com\/fr\/wp-json\/wp\/v2\/media?parent=1707"}],"curies":[{"name":"wp","href":"https:\/\/api.w.org\/{rel}","templated":true}]}}