{"id":6611,"date":"2024-03-27T10:08:05","date_gmt":"2024-03-27T09:08:05","guid":{"rendered":"https:\/\/rigansports.com\/?page_id=6611"},"modified":"2025-06-26T10:19:10","modified_gmt":"2025-06-26T08:19:10","slug":"index-2024","status":"publish","type":"page","link":"https:\/\/rigansports.com\/fr\/","title":{"rendered":"index-2024"},"content":{"rendered":"<p>[et_pb_section fb_built=&#8221;1&#8243; custom_padding_last_edited=&#8221;on|phone&#8221; _builder_version=&#8221;4.9.2&#8243; _module_preset=&#8221;default&#8221; background_image=&#8221;https:\/\/rigansports.com\/wp-content\/uploads\/2023\/05\/image-1.jpg&#8221; custom_margin=&#8221;||||false|false&#8221; custom_margin_phone=&#8221;|||-163px|false|false&#8221; custom_margin_last_edited=&#8221;off|phone&#8221; custom_padding=&#8221;100px||100px||true|false&#8221; custom_padding_tablet=&#8221;&#8221; custom_padding_phone=&#8221;&#8221;][et_pb_row _builder_version=&#8221;4.9.2&#8243; _module_preset=&#8221;default&#8221; module_alignment=&#8221;center&#8221;][et_pb_column type=&#8221;4_4&#8243; _builder_version=&#8221;4.9.2&#8243; _module_preset=&#8221;default&#8221;][et_pb_image src=&#8221;https:\/\/rigansports.com\/wp-content\/uploads\/2023\/06\/Logo-RigansportsfortBLANCO.png&#8221; title_text=&#8221;Logo-RigansportsfortBLANCO&#8221; align=&#8221;center&#8221; _builder_version=&#8221;4.9.2&#8243; _module_preset=&#8221;default&#8221; width=&#8221;30%&#8221; width_tablet=&#8221;&#8221; width_phone=&#8221;66%&#8221; width_last_edited=&#8221;on|desktop&#8221;][\/et_pb_image][et_pb_text _builder_version=&#8221;4.9.2&#8243; _module_preset=&#8221;default&#8221; text_font=&#8221;Lato||on||||||&#8221; text_text_color=&#8221;#FFFFFF&#8221; text_font_size=&#8221;44px&#8221; header_font=&#8221;||||||||&#8221; header_font_size=&#8221;44px&#8221; custom_margin=&#8221;50px||50px||false|false&#8221; text_font_size_tablet=&#8221;&#8221; text_font_size_phone=&#8221;&#8221; text_font_size_last_edited=&#8221;on|phone&#8221; text_line_height_tablet=&#8221;&#8221; text_line_height_phone=&#8221;1em&#8221; text_line_height_last_edited=&#8221;on|phone&#8221;]<\/p>\n<p style=\"text-align: center;\">Sp\u00e9cialistes des installations de padel<\/p>\n<p>[\/et_pb_text][et_pb_button button_url=&#8221;https:\/\/rigansports.com\/fr\/contacto\/&#8221; button_text=&#8221;Nous Contacter&#8221; button_alignment=&#8221;center&#8221; _builder_version=&#8221;4.9.2&#8243; _module_preset=&#8221;default&#8221; custom_button=&#8221;on&#8221; button_text_color=&#8221;#FFFFFF&#8221; button_bg_color=&#8221;#FC3244&#8243; button_border_width=&#8221;0px&#8221; button_border_radius=&#8221;12px&#8221; button_icon=&#8221;%%3%%&#8221; button_on_hover=&#8221;off&#8221; custom_margin=&#8221;25px||||false|false&#8221; custom_padding=&#8221;|35px|||false|false&#8221; custom_padding__hover_enabled=&#8221;off|hover&#8221;][\/et_pb_button][\/et_pb_column][\/et_pb_row][\/et_pb_section][et_pb_section fb_built=&#8221;1&#8243; _builder_version=&#8221;4.9.2&#8243; _module_preset=&#8221;default&#8221; custom_padding=&#8221;80px||0px||false|false&#8221;][et_pb_row column_structure=&#8221;1_2,1_2&#8243; use_custom_gutter=&#8221;on&#8221; gutter_width=&#8221;2&#8243; _builder_version=&#8221;4.9.2&#8243; _module_preset=&#8221;default&#8221; z_index=&#8221;0&#8243; width=&#8221;60%&#8221; width_tablet=&#8221;&#8221; width_phone=&#8221;80%&#8221; width_last_edited=&#8221;on|phone&#8221; max_width=&#8221;60%&#8221; max_width_tablet=&#8221;&#8221; max_width_phone=&#8221;80%&#8221; max_width_last_edited=&#8221;on|phone&#8221; module_alignment=&#8221;center&#8221; custom_padding=&#8221;0px|||||&#8221; border_width_all=&#8221;0px&#8221; border_radii_tablet=&#8221;&#8221; border_radii_phone=&#8221;on||||&#8221; border_radii_last_edited=&#8221;on|phone&#8221;][et_pb_column type=&#8221;1_2&#8243; _builder_version=&#8221;4.9.2&#8243; _module_preset=&#8221;default&#8221; background_color=&#8221;#f3f6f8&#8243; custom_padding=&#8221;50px|70px|50px|70px|true|true&#8221; border_radii=&#8221;on|12px|12px|12px|12px&#8221;][et_pb_text module_id=&#8221;aproposderigan&#8221; _builder_version=&#8221;4.9.2&#8243; _module_preset=&#8221;default&#8221; text_font=&#8221;Lato||||||||&#8221; text_text_color=&#8221;#000000&#8243; text_font_size=&#8221;32px&#8221; width_tablet=&#8221;&#8221; width_phone=&#8221;140%&#8221; width_last_edited=&#8221;on|phone&#8221; max_width_tablet=&#8221;&#8221; max_width_phone=&#8221;140%&#8221; max_width_last_edited=&#8221;on|phone&#8221; custom_margin=&#8221;||8px||false|false&#8221; custom_margin_tablet=&#8221;&#8221; custom_margin_phone=&#8221;|0px|8px||false|false&#8221; custom_margin_last_edited=&#8221;on|phone&#8221; custom_padding_tablet=&#8221;&#8221; custom_padding_phone=&#8221;|0px|||false|false&#8221; custom_padding_last_edited=&#8221;on|phone&#8221; text_line_height_tablet=&#8221;&#8221; text_line_height_phone=&#8221;1.4em&#8221; text_line_height_last_edited=&#8221;on|phone&#8221; module_alignment_tablet=&#8221;&#8221; module_alignment_phone=&#8221;left&#8221; module_alignment_last_edited=&#8221;on|phone&#8221;]<\/p>\n<h1>Rigan Sports and Leisure\u00a0<\/h1>\n<p>[\/et_pb_text][et_pb_divider color=&#8221;#E02B20&#8243; divider_weight=&#8221;4px&#8221; _builder_version=&#8221;4.9.2&#8243; _module_preset=&#8221;default&#8221; width=&#8221;12%&#8221; custom_margin=&#8221;10px||10px||true|false&#8221;][\/et_pb_divider][et_pb_text _builder_version=&#8221;4.9.2&#8243; _module_preset=&#8221;default&#8221; text_font=&#8221;Raleway||||||||&#8221; text_text_color=&#8221;#000000&#8243; width=&#8221;100%&#8221; width_tablet=&#8221;&#8221; width_phone=&#8221;120%&#8221; width_last_edited=&#8221;on|phone&#8221; custom_padding=&#8221;|0px||||&#8221; text_text_color_tablet=&#8221;&#8221; text_text_color_phone=&#8221;#000000&#8243; text_text_color_last_edited=&#8221;on|phone&#8221;]Rigan Sports and Leisure SL est une entreprise Espagnole sp\u00e9cialis\u00e9e en le d\u00e9veloppement et la commercialisation de structures  et d\u00b4\u00e9quipement sportifs.<\/p>\n<p>Nos valeurs sont notre engagement, notre enthousiasme d\u2019un travail bien fait. Nous connaissons personnellement tous nos clients et leur offrons notre confiance et tout le soutien dont ils ont besoin pendant et apr\u00e8s la mise en \u0153uvre d\u2019un projet sportif.<\/p>\n<p>Les personnes sont en effet la pi\u00e8ce ma\u00eetresse de notre entreprise: fournisseurs, clients, employ\u00e9s, amis et tous ceux qui r\u00eavent et travaillent pour r\u00e9aliser des r\u00eaves a priori  \u00abimpossibles\u00bb.[\/et_pb_text][\/et_pb_column][et_pb_column type=&#8221;1_2&#8243; _builder_version=&#8221;4.9.2&#8243; _module_preset=&#8221;default&#8221;][et_pb_image src=&#8221;https:\/\/rigansports.com\/wp-content\/uploads\/2017\/11\/corp-culture.jpg&#8221; title_text=&#8221;corp-culture&#8221; disabled_on=&#8221;on|off|off&#8221; module_id=&#8221;imagen-superior&#8221; module_class=&#8221;imagen-superior&#8221; _builder_version=&#8221;4.9.2&#8243; _module_preset=&#8221;default&#8221; z_index=&#8221;10&#8243; width_tablet=&#8221;&#8221; width_phone=&#8221;&#8221; width_last_edited=&#8221;on|phone&#8221; custom_margin_tablet=&#8221;&#8221; custom_margin_phone=&#8221;|-12px||-12px|false|true&#8221; custom_margin_last_edited=&#8221;on|phone&#8221; custom_padding=&#8221;80px|||0px||&#8221; custom_padding_tablet=&#8221;&#8221; custom_padding_phone=&#8221;&#8221; custom_padding_last_edited=&#8221;on|phone&#8221;][\/et_pb_image][\/et_pb_column][\/et_pb_row][et_pb_row _builder_version=&#8221;4.9.2&#8243; _module_preset=&#8221;default&#8221; z_index=&#8221;5&#8243;][et_pb_column type=&#8221;4_4&#8243; _builder_version=&#8221;4.9.2&#8243; _module_preset=&#8221;default&#8221;][et_pb_image src=&#8221;https:\/\/rigansports.com\/wp-content\/uploads\/2023\/05\/Vector3.png&#8221; align=&#8221;center&#8221; disabled_on=&#8221;off|off|off&#8221; module_id=&#8221;imagen-fondo&#8221; module_class=&#8221;imagen-fondo&#8221; _builder_version=&#8221;4.9.2&#8243; _module_preset=&#8221;default&#8221; z_index=&#8221;3&#8243; custom_margin=&#8221;-150px||||false|false&#8221;][\/et_pb_image][\/et_pb_column][\/et_pb_row][\/et_pb_section][et_pb_section fb_built=&#8221;1&#8243; _builder_version=&#8221;4.9.2&#8243; _module_preset=&#8221;default&#8221; background_image=&#8221;https:\/\/rigansports.com\/wp-content\/uploads\/2023\/05\/Rectangle-95.jpg&#8221; custom_margin=&#8221;||||false|false&#8221; custom_padding=&#8221;40px||80px||false|false&#8221;][et_pb_row disabled_on=&#8221;off|off|off&#8221; _builder_version=&#8221;4.9.2&#8243; _module_preset=&#8221;default&#8221;][et_pb_column type=&#8221;4_4&#8243; _builder_version=&#8221;4.9.2&#8243; _module_preset=&#8221;default&#8221;][et_pb_blurb title=&#8221;L\u00b4\u00e9quipe&#8221; image=&#8221;https:\/\/rigansports.com\/wp-content\/uploads\/2023\/05\/Vector1.png&#8221; content_max_width=&#8221;666px&#8221; _builder_version=&#8221;4.9.2&#8243; _module_preset=&#8221;default&#8221; header_font=&#8221;Lato|700|on||||||&#8221; header_text_align=&#8221;center&#8221; header_text_color=&#8221;#FFFFFF&#8221; header_font_size=&#8221;50px&#8221; custom_margin=&#8221;||||false|false&#8221; header_font_size_tablet=&#8221;&#8221; header_font_size_phone=&#8221;&#8221; header_font_size_last_edited=&#8221;on|phone&#8221; custom_css_blurb_title=&#8221;margin-top:-30px;&#8221;][\/et_pb_blurb][et_pb_text _builder_version=&#8221;4.9.2&#8243; _module_preset=&#8221;default&#8221; text_text_color=&#8221;#FFFFFF&#8221; text_font_size=&#8221;16px&#8221; text_orientation=&#8221;center&#8221; width=&#8221;60%&#8221; width_tablet=&#8221;&#8221; width_phone=&#8221;80%&#8221; width_last_edited=&#8221;on|phone&#8221; max_width=&#8221;80%&#8221; module_alignment=&#8221;center&#8221;]Notre jeune \u00e9quipe, passionn\u00e9e et professionnelle travaille en \u00e9troite collaboration avec notre clients pour offrir la meilleure qualit\u00e9 des produits et les services requis dans chaque march\u00e9.<\/p>\n<p>Pour vous accompagner efficacement dans vos projets, notre bureau d\u2019\u00e9tude saura r\u00e9pondre \u00e0 vos questions techniques.[\/et_pb_text][\/et_pb_column][\/et_pb_row][et_pb_row column_structure=&#8221;1_4,1_4,1_4,1_4&#8243; use_custom_gutter=&#8221;on&#8221; gutter_width=&#8221;2&#8243; make_equal=&#8221;on&#8221; _builder_version=&#8221;4.9.2&#8243; _module_preset=&#8221;default&#8221; max_width=&#8221;80%&#8221; module_alignment=&#8221;center&#8221; hover_enabled=&#8221;0&#8243; border_radii=&#8221;on|20px|20px|20px|20px&#8221; disabled_on=&#8221;on|on|on&#8221; disabled=&#8221;on&#8221; sticky_enabled=&#8221;0&#8243;][et_pb_column type=&#8221;1_4&#8243; _builder_version=&#8221;4.9.2&#8243; _module_preset=&#8221;default&#8221; background_color=&#8221;#f3f6f8&#8243; custom_padding=&#8221;|0px||0px|false|false&#8221; border_radii=&#8221;on|20px|20px|20px|20px&#8221;][et_pb_team_member name=&#8221;Alina Gainar&#8221; position=&#8221;Managing Director&#8221; image_url=&#8221;https:\/\/rigansports.com\/wp-content\/uploads\/2024\/03\/Alina-Gainar-removebg-preview.png&#8221; _builder_version=&#8221;4.9.2&#8243; _module_preset=&#8221;default&#8221; header_font=&#8221;|||on|||||&#8221; header_font_size=&#8221;22px&#8221; position_text_color=&#8221;rgba(0,0,0,0.75)&#8221; position_font_size=&#8221;16px&#8221; background_enable_color=&#8221;off&#8221; text_orientation=&#8221;center&#8221; custom_margin=&#8221;||||false|false&#8221; custom_padding=&#8221;||30px||false|false&#8221; border_width_bottom_image=&#8221;8px&#8221; border_color_bottom_image=&#8221;#E02B20&#8243;][\/et_pb_team_member][\/et_pb_column][et_pb_column type=&#8221;1_4&#8243; _builder_version=&#8221;4.9.2&#8243; _module_preset=&#8221;default&#8221; background_color=&#8221;#f3f6f8&#8243; custom_padding=&#8221;|0px||0px|false|false&#8221; border_radii=&#8221;on|20px|20px|20px|20px&#8221;][et_pb_team_member name=&#8221;Claudiu Gainar&#8221; position=&#8221;Co-founder&#8221; image_url=&#8221;https:\/\/rigansports.com\/wp-content\/uploads\/2024\/03\/Claudiu-Gainar-removebg-preview.png&#8221; _builder_version=&#8221;4.9.2&#8243; _module_preset=&#8221;default&#8221; header_font=&#8221;|||on|||||&#8221; header_font_size=&#8221;22px&#8221; position_text_color=&#8221;rgba(0,0,0,0.75)&#8221; position_font_size=&#8221;16px&#8221; background_enable_color=&#8221;off&#8221; text_orientation=&#8221;center&#8221; custom_margin=&#8221;||||false|false&#8221; custom_padding=&#8221;||30px||false|false&#8221; border_width_bottom_image=&#8221;8px&#8221; border_color_bottom_image=&#8221;#E02B20&#8243;][\/et_pb_team_member][\/et_pb_column][et_pb_column type=&#8221;1_4&#8243; _builder_version=&#8221;4.9.2&#8243; _module_preset=&#8221;default&#8221; background_color=&#8221;#f3f6f8&#8243; custom_padding=&#8221;|0px||0px|false|false&#8221; border_radii=&#8221;on|20px|20px|20px|20px&#8221;][et_pb_team_member name=&#8221;Jes\u00fas Goez&#8221; position=&#8221;Technical Department Manager&#8221; image_url=&#8221;https:\/\/rigansports.com\/wp-content\/uploads\/2024\/03\/Jesus-Goez-removebg-preview.png&#8221; _builder_version=&#8221;4.9.2&#8243; _module_preset=&#8221;default&#8221; header_font=&#8221;|||on|||||&#8221; header_font_size=&#8221;22px&#8221; position_text_color=&#8221;rgba(0,0,0,0.75)&#8221; position_font_size=&#8221;16px&#8221; background_enable_color=&#8221;off&#8221; text_orientation=&#8221;center&#8221; custom_margin=&#8221;||||false|false&#8221; custom_padding=&#8221;||30px||false|false&#8221; border_width_bottom_image=&#8221;8px&#8221; border_color_bottom_image=&#8221;#E02B20&#8243;][\/et_pb_team_member][\/et_pb_column][et_pb_column type=&#8221;1_4&#8243; _builder_version=&#8221;4.9.2&#8243; _module_preset=&#8221;default&#8221; background_color=&#8221;#f3f6f8&#8243; custom_padding=&#8221;|0px||0px|false|false&#8221; border_radii=&#8221;on|20px|20px|20px|20px&#8221;][et_pb_team_member name=&#8221;Gloria \u00c1lvarez&#8221; position=&#8221;Export Assistant&#8221; image_url=&#8221;https:\/\/rigansports.com\/wp-content\/uploads\/2024\/03\/gloria-sin-fondo.png&#8221; _builder_version=&#8221;4.9.2&#8243; _module_preset=&#8221;default&#8221; header_font=&#8221;|||on|||||&#8221; header_font_size=&#8221;22px&#8221; position_text_color=&#8221;rgba(0,0,0,0.75)&#8221; position_font_size=&#8221;16px&#8221; background_enable_color=&#8221;off&#8221; text_orientation=&#8221;center&#8221; custom_margin=&#8221;||||false|false&#8221; custom_padding=&#8221;||30px||false|false&#8221; border_width_bottom_image=&#8221;8px&#8221; border_color_bottom_image=&#8221;#E02B20&#8243;][\/et_pb_team_member][\/et_pb_column][\/et_pb_row][\/et_pb_section][et_pb_section fb_built=&#8221;1&#8243; _builder_version=&#8221;4.9.2&#8243; _module_preset=&#8221;default&#8221; background_color=&#8221;#f3f6f8&#8243; custom_padding=&#8221;50px||||false|false&#8221;][et_pb_row _builder_version=&#8221;4.9.2&#8243; _module_preset=&#8221;default&#8221;][et_pb_column type=&#8221;4_4&#8243; _builder_version=&#8221;4.9.2&#8243; _module_preset=&#8221;default&#8221;][et_pb_blurb title=&#8221;Que faisons-nous?&#8221; image=&#8221;https:\/\/rigansports.com\/wp-content\/uploads\/2023\/05\/Vector2.png&#8221; alt=&#8221;favicon Rigan Sports&#8221; content_max_width=&#8221;666px&#8221; _builder_version=&#8221;4.9.2&#8243; _module_preset=&#8221;default&#8221; header_font=&#8221;Lato|700|on||||||&#8221; header_text_align=&#8221;center&#8221; header_text_color=&#8221;#000000&#8243; header_font_size=&#8221;50px&#8221; custom_margin=&#8221;||||false|false&#8221; header_font_size_tablet=&#8221;&#8221; header_font_size_phone=&#8221;&#8221; header_font_size_last_edited=&#8221;on|phone&#8221; custom_css_blurb_title=&#8221;margin-top:-30px;&#8221;][\/et_pb_blurb][\/et_pb_column][\/et_pb_row][et_pb_row column_structure=&#8221;1_2,1_2&#8243; _builder_version=&#8221;4.9.2&#8243; _module_preset=&#8221;default&#8221; custom_padding=&#8221;||0px|||&#8221;][et_pb_column type=&#8221;1_2&#8243; _builder_version=&#8221;4.9.2&#8243; _module_preset=&#8221;default&#8221;][et_pb_blurb use_icon=&#8221;on&#8221; font_icon=&#8221;%%49%%&#8221; icon_placement=&#8221;left&#8221; _builder_version=&#8221;4.9.2&#8243; _module_preset=&#8221;default&#8221; body_font=&#8221;Raleway||||||||&#8221; body_font_size=&#8221;16px&#8221; custom_margin=&#8221;||||false|false&#8221;]Nous conseillons chacun de nos clients sur les options qu\u2019ils ont en fonction des sp\u00e9cificit\u00e9s de leur projet sportif.[\/et_pb_blurb][et_pb_blurb use_icon=&#8221;on&#8221; font_icon=&#8221;%%49%%&#8221; icon_placement=&#8221;left&#8221; _builder_version=&#8221;4.9.2&#8243; _module_preset=&#8221;default&#8221; body_font=&#8221;Raleway||||||||&#8221; body_font_size=&#8221;16px&#8221; custom_margin=&#8221;||||false|false&#8221;]Nous cr\u00e9ons des liens de confiance, r\u00e9alisons r\u00e9guli\u00e8rement des rencontres personnelles et nous nous engageons aupr\u00e8s de nos clients pour leur fournir les meilleurs produits.[\/et_pb_blurb][\/et_pb_column][et_pb_column type=&#8221;1_2&#8243; _builder_version=&#8221;4.9.2&#8243; _module_preset=&#8221;default&#8221;][et_pb_blurb use_icon=&#8221;on&#8221; font_icon=&#8221;%%49%%&#8221; icon_placement=&#8221;left&#8221; content_max_width_tablet=&#8221;&#8221; content_max_width_phone=&#8221;&#8221; content_max_width_last_edited=&#8221;on|phone&#8221; _builder_version=&#8221;4.9.2&#8243; _module_preset=&#8221;default&#8221; header_font=&#8221;Abhaya Libre||||||||&#8221; body_font=&#8221;Raleway||||||||&#8221; body_font_size=&#8221;16px&#8221; custom_margin=&#8221;||||false|false&#8221; custom_margin_tablet=&#8221;&#8221; custom_margin_phone=&#8221;||||false|false&#8221; custom_margin_last_edited=&#8221;on|phone&#8221; custom_padding=&#8221;||||false|false&#8221;]Nous perfectionnons nos produits, en travaillant en \u00e9troite collaboration avec les d\u00e9partements de design, de fabrication et de logistique pour fournir le projet souhait\u00e9 dans le p\u00e9riode convenue \u00e0 chacun de nos clients.[\/et_pb_blurb][et_pb_blurb use_icon=&#8221;on&#8221; font_icon=&#8221;%%49%%&#8221; icon_placement=&#8221;left&#8221; _builder_version=&#8221;4.9.2&#8243; _module_preset=&#8221;default&#8221; body_font=&#8221;Raleway||||||||&#8221; body_font_size=&#8221;16px&#8221; custom_margin=&#8221;||||false|false&#8221;]Nous offrons une formation continue sur nos produits et services.[\/et_pb_blurb][\/et_pb_column][\/et_pb_row][et_pb_row column_structure=&#8221;1_2,1_2&#8243; _builder_version=&#8221;4.9.2&#8243; _module_preset=&#8221;default&#8221; custom_margin=&#8221;0px||0px||true|false&#8221; custom_padding=&#8221;0px||0px||true|false&#8221;][et_pb_column type=&#8221;1_2&#8243; _builder_version=&#8221;4.9.2&#8243; _module_preset=&#8221;default&#8221;][et_pb_blurb use_icon=&#8221;on&#8221; font_icon=&#8221;%%49%%&#8221; icon_placement=&#8221;left&#8221; _builder_version=&#8221;4.9.2&#8243; _module_preset=&#8221;default&#8221; body_font=&#8221;Raleway||||||||&#8221; body_font_size=&#8221;16px&#8221; custom_margin=&#8221;||||false|false&#8221;]Tous nos produits sont d\u00e9velopp\u00e9s et fabriqu\u00e9s sur le territoire Europ\u00e9en, selon des Normes Europ\u00e9ennes.[\/et_pb_blurb][\/et_pb_column][et_pb_column type=&#8221;1_2&#8243; _builder_version=&#8221;4.9.2&#8243; _module_preset=&#8221;default&#8221;][\/et_pb_column][\/et_pb_row][et_pb_row _builder_version=&#8221;4.9.2&#8243; _module_preset=&#8221;default&#8221; custom_margin=&#8221;20px||||false|false&#8221;][et_pb_column type=&#8221;4_4&#8243; _builder_version=&#8221;4.9.2&#8243; _module_preset=&#8221;default&#8221;][et_pb_image src=&#8221;https:\/\/rigansports.com\/wp-content\/uploads\/2023\/06\/unnamed.png&#8221; title_text=&#8221;unnamed&#8221; align=&#8221;center&#8221; _builder_version=&#8221;4.9.2&#8243; _module_preset=&#8221;default&#8221; width=&#8221;88%&#8221; max_width=&#8221;88%&#8221; border_radii=&#8221;on|20px|20px|20px|20px&#8221;][\/et_pb_image][\/et_pb_column][\/et_pb_row][et_pb_row _builder_version=&#8221;4.9.2&#8243; _module_preset=&#8221;default&#8221; custom_margin=&#8221;30px||||false|false&#8221; custom_padding=&#8221;||50px||false|false&#8221;][et_pb_column type=&#8221;4_4&#8243; _builder_version=&#8221;4.9.2&#8243; _module_preset=&#8221;default&#8221;][et_pb_text _builder_version=&#8221;4.9.2&#8243; _module_preset=&#8221;default&#8221; text_font=&#8221;Raleway||||||||&#8221; text_text_color=&#8221;#000000&#8243; text_font_size=&#8221;28px&#8221;]Notre objectif est[\/et_pb_text][et_pb_image src=&#8221;https:\/\/rigansports.com\/wp-content\/uploads\/2023\/06\/Rectangle-117.png&#8221; title_text=&#8221;Rectangle 117&#8243; _builder_version=&#8221;4.9.2&#8243; _module_preset=&#8221;default&#8221;][\/et_pb_image][et_pb_text _builder_version=&#8221;4.9.2&#8243; _module_preset=&#8221;default&#8221; text_font=&#8221;||||||||&#8221; text_font_size=&#8221;16px&#8221; width=&#8221;100%&#8221; custom_margin=&#8221;|||15px|false|false&#8221; custom_margin_tablet=&#8221;&#8221; custom_margin_phone=&#8221;&#8221; custom_margin_last_edited=&#8221;on|phone&#8221; custom_padding=&#8221;|67px|||false|false&#8221; text_font_tablet=&#8221;&#8221; text_font_phone=&#8221;Raleway|700|||||||&#8221; text_font_last_edited=&#8221;on|phone&#8221; text_text_color_tablet=&#8221;&#8221; text_text_color_phone=&#8221;#000000&#8243; text_text_color_last_edited=&#8221;on|phone&#8221;]De guider et les aider \u00e0 choisir la meilleure solution pour votre projet sportif.  Et vous offrir les meilleurs produits pour cela.[\/et_pb_text][\/et_pb_column][\/et_pb_row][\/et_pb_section][et_pb_section fb_built=&#8221;1&#8243; disabled_on=&#8221;on|on|off&#8221; _builder_version=&#8221;4.9.2&#8243; _module_preset=&#8221;default&#8221; custom_margin=&#8221;40px||60px||false|false&#8221;][et_pb_row use_custom_gutter=&#8221;on&#8221; gutter_width=&#8221;2&#8243; make_equal=&#8221;on&#8221; custom_padding_last_edited=&#8221;on|phone&#8221; _builder_version=&#8221;4.9.2&#8243; _module_preset=&#8221;default&#8221; use_background_color_gradient=&#8221;on&#8221; background_color_gradient_start=&#8221;#f5f5f5&#8243; background_color_gradient_end=&#8221;#f3f6f8&#8243; max_width=&#8221;80%&#8221; max_width_tablet=&#8221;&#8221; max_width_phone=&#8221;&#8221; max_width_last_edited=&#8221;on|phone&#8221; custom_margin=&#8221;|auto||auto|false|false&#8221; custom_margin_tablet=&#8221;&#8221; custom_margin_phone=&#8221;|auto|||false|false&#8221; custom_margin_last_edited=&#8221;on|phone&#8221; custom_padding=&#8221;55px|84px|55px|84px|true|true&#8221; custom_padding_tablet=&#8221;&#8221; custom_padding_phone=&#8221;&#8221; module_alignment_tablet=&#8221;&#8221; module_alignment_phone=&#8221;center&#8221; module_alignment_last_edited=&#8221;on|phone&#8221; border_radii=&#8221;off|120px|120px|120px|120px&#8221; custom_padding__hover_enabled=&#8221;on|desktop&#8221;][et_pb_column type=&#8221;4_4&#8243; _builder_version=&#8221;4.9.2&#8243; _module_preset=&#8221;default&#8221;][et_pb_gallery gallery_ids=&#8221;6571,6575,6579,6587,6567,6563,6583&#8243; posts_number=&#8221;7&#8243; db_images_per_row=&#8221;7&#8243; db_image_object_fit=&#8221;cover&#8221; orientation=&#8221;portrait&#8221; show_title_and_caption=&#8221;off&#8221; show_pagination=&#8221;off&#8221; zoom_icon_color=&#8221;#FFFFFF&#8221; hover_overlay_color=&#8221;rgba(0,0,0,0.5)&#8221; hover_icon=&#8221;%%51%%&#8221; _builder_version=&#8221;4.9.2&#8243; _module_preset=&#8221;default&#8221; custom_css_gallery_item=&#8221;width: 95%;&#8221;][\/et_pb_gallery][\/et_pb_column][\/et_pb_row][\/et_pb_section][et_pb_section fb_built=&#8221;1&#8243; _builder_version=&#8221;4.9.2&#8243; _module_preset=&#8221;default&#8221; background_image=&#8221;https:\/\/rigansports.com\/wp-content\/uploads\/2023\/05\/Rectangle-120.jpg&#8221; custom_margin=&#8221;||||false|false&#8221; custom_padding=&#8221;50px||80px||false|false&#8221;][\/et_pb_section]<\/p>\n","protected":false},"excerpt":{"rendered":"<p>[et_pb_section fb_built=&#8221;1&#8243; custom_padding_last_edited=&#8221;on|phone&#8221; _builder_version=&#8221;4.9.2&#8243; _module_preset=&#8221;default&#8221; background_image=&#8221;https:\/\/rigansports.com\/wp-content\/uploads\/2023\/05\/image-1.jpg&#8221; custom_margin=&#8221;||||false|false&#8221; custom_margin_phone=&#8221;|||-163px|false|false&#8221; custom_margin_last_edited=&#8221;off|phone&#8221; custom_padding=&#8221;100px||100px||true|false&#8221; custom_padding_tablet=&#8221;&#8221; custom_padding_phone=&#8221;&#8221;][et_pb_row _builder_version=&#8221;4.9.2&#8243; _module_preset=&#8221;default&#8221; module_alignment=&#8221;center&#8221;][et_pb_column type=&#8221;4_4&#8243; _builder_version=&#8221;4.9.2&#8243; _module_preset=&#8221;default&#8221;][et_pb_image src=&#8221;https:\/\/rigansports.com\/wp-content\/uploads\/2023\/06\/Logo-RigansportsfortBLANCO.png&#8221; title_text=&#8221;Logo-RigansportsfortBLANCO&#8221; align=&#8221;center&#8221; _builder_version=&#8221;4.9.2&#8243; _module_preset=&#8221;default&#8221; width=&#8221;30%&#8221; width_tablet=&#8221;&#8221; width_phone=&#8221;66%&#8221; width_last_edited=&#8221;on|desktop&#8221;][\/et_pb_image][et_pb_text _builder_version=&#8221;4.9.2&#8243; _module_preset=&#8221;default&#8221; text_font=&#8221;Lato||on||||||&#8221; text_text_color=&#8221;#FFFFFF&#8221; text_font_size=&#8221;44px&#8221; header_font=&#8221;||||||||&#8221; header_font_size=&#8221;44px&#8221; custom_margin=&#8221;50px||50px||false|false&#8221; text_font_size_tablet=&#8221;&#8221; text_font_size_phone=&#8221;&#8221; text_font_size_last_edited=&#8221;on|phone&#8221; text_line_height_tablet=&#8221;&#8221; text_line_height_phone=&#8221;1em&#8221; text_line_height_last_edited=&#8221;on|phone&#8221;] Sp\u00e9cialistes des installations de padel [\/et_pb_text][et_pb_button button_url=&#8221;https:\/\/rigansports.com\/fr\/contacto\/&#8221; button_text=&#8221;Nous Contacter&#8221; button_alignment=&#8221;center&#8221; _builder_version=&#8221;4.9.2&#8243; _module_preset=&#8221;default&#8221; custom_button=&#8221;on&#8221; button_text_color=&#8221;#FFFFFF&#8221; [&hellip;]<\/p>\n","protected":false},"author":2,"featured_media":0,"parent":0,"menu_order":0,"comment_status":"closed","ping_status":"closed","template":"","meta":{"_et_pb_use_builder":"on","_et_pb_old_content":"","_et_gb_content_width":"","inline_featured_image":false},"_links":{"self":[{"href":"https:\/\/rigansports.com\/fr\/wp-json\/wp\/v2\/pages\/6611"}],"collection":[{"href":"https:\/\/rigansports.com\/fr\/wp-json\/wp\/v2\/pages"}],"about":[{"href":"https:\/\/rigansports.com\/fr\/wp-json\/wp\/v2\/types\/page"}],"author":[{"embeddable":true,"href":"https:\/\/rigansports.com\/fr\/wp-json\/wp\/v2\/users\/2"}],"replies":[{"embeddable":true,"href":"https:\/\/rigansports.com\/fr\/wp-json\/wp\/v2\/comments?post=6611"}],"version-history":[{"count":8,"href":"https:\/\/rigansports.com\/fr\/wp-json\/wp\/v2\/pages\/6611\/revisions"}],"predecessor-version":[{"id":6657,"href":"https:\/\/rigansports.com\/fr\/wp-json\/wp\/v2\/pages\/6611\/revisions\/6657"}],"wp:attachment":[{"href":"https:\/\/rigansports.com\/fr\/wp-json\/wp\/v2\/media?parent=6611"}],"curies":[{"name":"wp","href":"https:\/\/api.w.org\/{rel}","templated":true}]}}